{"id":24,"date":"2011-02-07T11:37:45","date_gmt":"2011-02-07T11:37:45","guid":{"rendered":"http:\/\/www.bluemlgrete.at\/?page_id=24"},"modified":"2025-09-26T14:53:20","modified_gmt":"2025-09-26T13:53:20","slug":"uber-mich","status":"publish","type":"page","link":"http:\/\/bluemlgrete.at\/?page_id=24","title":{"rendered":"\u00dcber mich"},"content":{"rendered":"\n<p><strong>1977-81<br><\/strong>Universit\u00e4t f\u00fcr angewandte Kunst, Wien, Meisterklasse f\u00fcr Gebrauchsgrafik, <br>Prof. Schwarz<br><strong>1978-89<br><\/strong>Ensemblemitglied des Serapionstheaters Wien<br>seit <strong>1995<br><\/strong>freischaffende K\u00fcnstlerin<\/p>\n\n\n\n<p><strong>Ausstellungen und Beteiligungen :<\/strong><\/p>\n\n\n\n<p><strong>2000<br><\/strong>N\u00d6 Dokumentationszentrum f\u00fcr moderne Kunst St.P\u00f6lten : &#8222;Natura morta-still life&#8220;<br>Viertelgalerie im Barockschl\u00f6ssl Mistelbach, N\u00d6<br>Verein f\u00fcr Kunst und Kultur Eichgraben, N\u00d6<br><strong>2001<br><\/strong>Kunstwerkstatt Tulln<br><strong>2003<br><\/strong>Galerie Kranister, Klosterneuburg<br>Galerie Windspiel, Wien<br>Galerie Wolfrum, Wien<br>Kulturhaus &#8222;Alter Pfarrhof&#8220; St.Andr\u00e4-W\u00f6rdern, N\u00d6<br><strong>2004-08<br><\/strong>&#8222;Cantina e l`arte&#8220; Wien<br><strong>2005<\/strong><br>Kulturhaus &#8222;Alter Pfarrhof&#8220; St.Andr\u00e4-W\u00f6rdern, N\u00d6<br><strong>2008<\/strong><br>Minoritenkloster Tulln, N\u00d6<br>Galerie Kranister, Klosterneuburg<br><strong>2009<br><\/strong>Galerie Maringer, St.P\u00f6lten<br>Ausstellungsbr\u00fccke, Regierungsviertel St. P\u00f6lten<br>Verein f\u00fcr Kunst und Kultur Eichgraben, N\u00d6<br>K\u00fcnstlerhaus Wien: EVOEVO<br><strong>2012<\/strong><br>Cantina Osteria Friulana, Wien<strong><br>2013<br><\/strong>Treiber Galerie SCHAUPLATZ, Wien<br><strong>2014<\/strong><br>Galerie grenzART, N\u00d6<br>Internationale Kunstbuchbiennale Horn<br>Ankauf N\u00d6 Landesregierung<br>ab <strong>2015<\/strong> st\u00e4ndige Pr\u00e4sentation im &#8222;Konrad Lorenz Institut&#8220;, Klosterneuburg<strong><br>2017<br><\/strong>Galerie grenzART, N\u00d6<br>Verein f\u00fcr Kunst und Kultur Eichgraben, N\u00d6<br><strong>2018<br><\/strong>Kunstwerkstatt Tulln<br><strong>2024<\/strong><strong><br><\/strong>K\u00fcnstlerhaus Wien: Wunderkammer, Beteiligung bei &#8222;Die Sammlung&#8220;<br>von Mario Wesecky<\/p>\n\n\n\n<p><strong>\u00d6ffentliche Ank\u00e4ufe :<\/strong><\/p>\n\n\n\n<p><strong>2000&nbsp; &nbsp; &nbsp;<\/strong>Bundeskanzleramt Wien, Sektion Kunst<br><strong>2003&nbsp; &nbsp; &nbsp;<\/strong>N\u00d6 Landesregierung, Abt. Kunst und Kultur<br><strong>2014<\/strong>&nbsp; &nbsp; &nbsp;N\u00d6 Landesregierung, Abt. Kunst und Kultur<\/p>\n\n\n\n<p>Mitglied der <strong>Artothek Krems<\/strong><\/p>\n\n\n\n<p>Mitglied des <strong>Wiener K\u00fcnstlerhauses<\/strong><\/p>\n","protected":false},"excerpt":{"rendered":"<p>1977-81Universit\u00e4t f\u00fcr angewandte Kunst, Wien, Meisterklasse f\u00fcr Gebrauchsgrafik, Prof. Schwarz1978-89Ensemblemitglied des Serapionstheaters Wienseit 1995freischaffende K\u00fcnstlerin Ausstellungen und Beteiligungen : 2000N\u00d6 Dokumentationszentrum f\u00fcr moderne Kunst St.P\u00f6lten : &#8222;Natura morta-still life&#8220;Viertelgalerie im Barockschl\u00f6ssl Mistelbach, N\u00d6Verein f\u00fcr Kunst und Kultur Eichgraben, N\u00d62001Kunstwerkstatt Tulln2003Galerie Kranister, KlosterneuburgGalerie Windspiel, WienGalerie Wolfrum, WienKulturhaus &#8222;Alter Pfarrhof&#8220; St.Andr\u00e4-W\u00f6rdern, N\u00d62004-08&#8222;Cantina e l`arte&#8220; Wien2005Kulturhaus &#8222;Alter Pfarrhof&#8220; [&hellip;]<\/p>\n","protected":false},"author":9192194,"featured_media":0,"parent":0,"menu_order":0,"comment_status":"closed","ping_status":"closed","template":"","meta":[],"_links":{"self":[{"href":"http:\/\/bluemlgrete.at\/index.php?rest_route=\/wp\/v2\/pages\/24"}],"collection":[{"href":"http:\/\/bluemlgrete.at\/index.php?rest_route=\/wp\/v2\/pages"}],"about":[{"href":"http:\/\/bluemlgrete.at\/index.php?rest_route=\/wp\/v2\/types\/page"}],"author":[{"embeddable":true,"href":"http:\/\/bluemlgrete.at\/index.php?rest_route=\/wp\/v2\/users\/9192194"}],"replies":[{"embeddable":true,"href":"http:\/\/bluemlgrete.at\/index.php?rest_route=%2Fwp%2Fv2%2Fcomments&post=24"}],"version-history":[{"count":34,"href":"http:\/\/bluemlgrete.at\/index.php?rest_route=\/wp\/v2\/pages\/24\/revisions"}],"predecessor-version":[{"id":1172,"href":"http:\/\/bluemlgrete.at\/index.php?rest_route=\/wp\/v2\/pages\/24\/revisions\/1172"}],"wp:attachment":[{"href":"http:\/\/bluemlgrete.at\/index.php?rest_route=%2Fwp%2Fv2%2Fmedia&parent=24"}],"curies":[{"name":"wp","href":"https:\/\/api.w.org\/{rel}","templated":true}]}}